{"id":7,"date":"2020-09-15T17:03:10","date_gmt":"2020-09-15T17:03:10","guid":{"rendered":"http:\/\/www.jagusztynkrynicki.art\/?page_id=7"},"modified":"2024-11-28T19:05:06","modified_gmt":"2024-11-28T19:05:06","slug":"strna-glowna","status":"publish","type":"page","link":"https:\/\/www.jagusztynkrynicki.art\/index.php\/strna-glowna\/","title":{"rendered":"STRONA G\u0141\u00d3WNA 2"},"content":{"rendered":"\t\t<div data-elementor-type=\"wp-page\" data-elementor-id=\"7\" class=\"elementor elementor-7\">\n\t\t\t\t\t\t<div class=\"elementor-inner\">\n\t\t\t\t<div class=\"elementor-section-wrap\">\n\t\t\t\t\t\t\t\t\t<section class=\"elementor-section elementor-top-section elementor-element elementor-element-2c46cb5 elementor-section-boxed elementor-section-height-default elementor-section-height-default\" data-id=\"2c46cb5\" data-element_type=\"section\">\n\t\t\t\t\t\t<div class=\"elementor-container elementor-column-gap-default\">\n\t\t\t\t\t\t\t<div class=\"elementor-row\">\n\t\t\t\t\t<div class=\"elementor-column elementor-col-100 elementor-top-column elementor-element elementor-element-a13c3d8\" data-id=\"a13c3d8\" data-element_type=\"column\">\n\t\t\t<div class=\"elementor-column-wrap elementor-element-populated\">\n\t\t\t\t\t\t\t<div class=\"elementor-widget-wrap\">\n\t\t\t\t\t\t<div class=\"elementor-element elementor-element-4ee43f8 elementor-widget elementor-widget-image\" data-id=\"4ee43f8\" data-element_type=\"widget\" data-widget_type=\"image.default\">\n\t\t\t\t<div class=\"elementor-widget-container\">\n\t\t\t\t\t\t\t\t<div class=\"elementor-image\">\n\t\t\t\t\t\t\t\t\t\t\t\t<img width=\"1024\" height=\"768\" src=\"https:\/\/www.jagusztynkrynicki.art\/wp-content\/uploads\/2020\/10\/IMG_20200913_172206-1024x768.jpg\" class=\"attachment-large size-large\" alt=\"\" loading=\"lazy\" srcset=\"https:\/\/www.jagusztynkrynicki.art\/wp-content\/uploads\/2020\/10\/IMG_20200913_172206-1024x768.jpg 1024w, https:\/\/www.jagusztynkrynicki.art\/wp-content\/uploads\/2020\/10\/IMG_20200913_172206-300x225.jpg 300w, https:\/\/www.jagusztynkrynicki.art\/wp-content\/uploads\/2020\/10\/IMG_20200913_172206-768x576.jpg 768w, https:\/\/www.jagusztynkrynicki.art\/wp-content\/uploads\/2020\/10\/IMG_20200913_172206-1536x1152.jpg 1536w, https:\/\/www.jagusztynkrynicki.art\/wp-content\/uploads\/2020\/10\/IMG_20200913_172206-2048x1536.jpg 2048w\" sizes=\"(max-width: 1024px) 100vw, 1024px\" \/>\t\t\t\t\t\t\t\t\t\t\t\t\t\t<\/div>\n\t\t\t\t\t\t<\/div>\n\t\t\t\t<\/div>\n\t\t\t\t\t\t<\/div>\n\t\t\t\t\t<\/div>\n\t\t<\/div>\n\t\t\t\t\t\t\t\t<\/div>\n\t\t\t\t\t<\/div>\n\t\t<\/section>\n\t\t\t\t<section class=\"elementor-section elementor-top-section elementor-element elementor-element-2b025f8 elementor-section-boxed elementor-section-height-default elementor-section-height-default\" data-id=\"2b025f8\" data-element_type=\"section\">\n\t\t\t\t\t\t<div class=\"elementor-container elementor-column-gap-default\">\n\t\t\t\t\t\t\t<div class=\"elementor-row\">\n\t\t\t\t\t<div class=\"elementor-column elementor-col-100 elementor-top-column elementor-element elementor-element-d62cc16\" data-id=\"d62cc16\" data-element_type=\"column\">\n\t\t\t<div class=\"elementor-column-wrap elementor-element-populated\">\n\t\t\t\t\t\t\t<div class=\"elementor-widget-wrap\">\n\t\t\t\t\t\t<div class=\"elementor-element elementor-element-a2d812b elementor-widget elementor-widget-heading\" data-id=\"a2d812b\" data-element_type=\"widget\" data-widget_type=\"heading.default\">\n\t\t\t\t<div class=\"elementor-widget-container\">\n\t\t\t<h2 class=\"elementor-heading-title elementor-size-large\"><br>JESTEM<br><br><\/h2>\t\t<\/div>\n\t\t\t\t<\/div>\n\t\t\t\t\t\t<\/div>\n\t\t\t\t\t<\/div>\n\t\t<\/div>\n\t\t\t\t\t\t\t\t<\/div>\n\t\t\t\t\t<\/div>\n\t\t<\/section>\n\t\t\t\t<section class=\"elementor-section elementor-top-section elementor-element elementor-element-e7aa780 elementor-section-boxed elementor-section-height-default elementor-section-height-default\" data-id=\"e7aa780\" data-element_type=\"section\">\n\t\t\t\t\t\t<div class=\"elementor-container elementor-column-gap-default\">\n\t\t\t\t\t\t\t<div class=\"elementor-row\">\n\t\t\t\t\t<div class=\"elementor-column elementor-col-50 elementor-top-column elementor-element elementor-element-5e7da89\" data-id=\"5e7da89\" data-element_type=\"column\">\n\t\t\t<div class=\"elementor-column-wrap elementor-element-populated\">\n\t\t\t\t\t\t\t<div class=\"elementor-widget-wrap\">\n\t\t\t\t\t\t<div class=\"elementor-element elementor-element-27b21eb elementor-widget elementor-widget-image\" data-id=\"27b21eb\" data-element_type=\"widget\" data-widget_type=\"image.default\">\n\t\t\t\t<div class=\"elementor-widget-container\">\n\t\t\t\t\t\t\t\t<div class=\"elementor-image\">\n\t\t\t\t\t\t\t\t\t\t\t\t\t<a href=\"http:\/\/www.jagusztynkrynicki.art\/index.php\/uczenie-sie\/\">\n\t\t\t\t\t\t\t<img width=\"1004\" height=\"669\" src=\"https:\/\/www.jagusztynkrynicki.art\/wp-content\/uploads\/2020\/09\/02_75223629_10221355038534971_4280812964988059648_o.jpg\" class=\"attachment-large size-large\" alt=\"\" loading=\"lazy\" srcset=\"https:\/\/www.jagusztynkrynicki.art\/wp-content\/uploads\/2020\/09\/02_75223629_10221355038534971_4280812964988059648_o.jpg 1004w, https:\/\/www.jagusztynkrynicki.art\/wp-content\/uploads\/2020\/09\/02_75223629_10221355038534971_4280812964988059648_o-300x200.jpg 300w, https:\/\/www.jagusztynkrynicki.art\/wp-content\/uploads\/2020\/09\/02_75223629_10221355038534971_4280812964988059648_o-768x512.jpg 768w\" sizes=\"(max-width: 1004px) 100vw, 1004px\" \/>\t\t\t\t\t\t\t\t<\/a>\n\t\t\t\t\t\t\t\t\t\t\t\t\t\t<\/div>\n\t\t\t\t\t\t<\/div>\n\t\t\t\t<\/div>\n\t\t\t\t\t\t<\/div>\n\t\t\t\t\t<\/div>\n\t\t<\/div>\n\t\t\t\t<div class=\"elementor-column elementor-col-50 elementor-top-column elementor-element elementor-element-2134c53\" data-id=\"2134c53\" data-element_type=\"column\">\n\t\t\t<div class=\"elementor-column-wrap elementor-element-populated\">\n\t\t\t\t\t\t\t<div class=\"elementor-widget-wrap\">\n\t\t\t\t\t\t<div class=\"elementor-element elementor-element-2bc16c5 elementor-widget elementor-widget-image\" data-id=\"2bc16c5\" data-element_type=\"widget\" data-widget_type=\"image.default\">\n\t\t\t\t<div class=\"elementor-widget-container\">\n\t\t\t\t\t\t\t\t<div class=\"elementor-image\">\n\t\t\t\t\t\t\t\t\t\t\t\t\t<a href=\"http:\/\/www.jagusztynkrynicki.art\/index.php\/wystepuje\/\">\n\t\t\t\t\t\t\t<img width=\"1024\" height=\"684\" src=\"https:\/\/www.jagusztynkrynicki.art\/wp-content\/uploads\/2020\/09\/65602535_918187005227066_9086163340874481664_o-1024x684.jpg\" class=\"attachment-large size-large\" alt=\"\" loading=\"lazy\" srcset=\"https:\/\/www.jagusztynkrynicki.art\/wp-content\/uploads\/2020\/09\/65602535_918187005227066_9086163340874481664_o-1024x684.jpg 1024w, https:\/\/www.jagusztynkrynicki.art\/wp-content\/uploads\/2020\/09\/65602535_918187005227066_9086163340874481664_o-300x200.jpg 300w, https:\/\/www.jagusztynkrynicki.art\/wp-content\/uploads\/2020\/09\/65602535_918187005227066_9086163340874481664_o-768x513.jpg 768w, https:\/\/www.jagusztynkrynicki.art\/wp-content\/uploads\/2020\/09\/65602535_918187005227066_9086163340874481664_o-1536x1025.jpg 1536w, https:\/\/www.jagusztynkrynicki.art\/wp-content\/uploads\/2020\/09\/65602535_918187005227066_9086163340874481664_o.jpg 1838w\" sizes=\"(max-width: 1024px) 100vw, 1024px\" \/>\t\t\t\t\t\t\t\t<\/a>\n\t\t\t\t\t\t\t\t\t\t\t\t\t\t<\/div>\n\t\t\t\t\t\t<\/div>\n\t\t\t\t<\/div>\n\t\t\t\t\t\t<\/div>\n\t\t\t\t\t<\/div>\n\t\t<\/div>\n\t\t\t\t\t\t\t\t<\/div>\n\t\t\t\t\t<\/div>\n\t\t<\/section>\n\t\t\t\t<section class=\"elementor-section elementor-top-section elementor-element elementor-element-5ac05bf elementor-section-boxed elementor-section-height-default elementor-section-height-default\" data-id=\"5ac05bf\" data-element_type=\"section\">\n\t\t\t\t\t\t<div class=\"elementor-container elementor-column-gap-default\">\n\t\t\t\t\t\t\t<div class=\"elementor-row\">\n\t\t\t\t\t<div class=\"elementor-column elementor-col-50 elementor-top-column elementor-element elementor-element-0ba9710\" data-id=\"0ba9710\" data-element_type=\"column\">\n\t\t\t<div class=\"elementor-column-wrap elementor-element-populated\">\n\t\t\t\t\t\t\t<div class=\"elementor-widget-wrap\">\n\t\t\t\t\t\t<div class=\"elementor-element elementor-element-974db16 elementor-widget elementor-widget-heading\" data-id=\"974db16\" data-element_type=\"widget\" data-widget_type=\"heading.default\">\n\t\t\t\t<div class=\"elementor-widget-container\">\n\t\t\t<h2 class=\"elementor-heading-title elementor-size-large\"><a href=\"http:\/\/www.jagusztynkrynicki.art\/index.php\/uczenie-sie\/\"><br>UCZ\u0118 SI\u0118 <br><\/a><\/h2>\t\t<\/div>\n\t\t\t\t<\/div>\n\t\t\t\t\t\t<\/div>\n\t\t\t\t\t<\/div>\n\t\t<\/div>\n\t\t\t\t<div class=\"elementor-column elementor-col-50 elementor-top-column elementor-element elementor-element-28718ef\" data-id=\"28718ef\" data-element_type=\"column\">\n\t\t\t<div class=\"elementor-column-wrap elementor-element-populated\">\n\t\t\t\t\t\t\t<div class=\"elementor-widget-wrap\">\n\t\t\t\t\t\t<div class=\"elementor-element elementor-element-41894df elementor-widget elementor-widget-heading\" data-id=\"41894df\" data-element_type=\"widget\" data-widget_type=\"heading.default\">\n\t\t\t\t<div class=\"elementor-widget-container\">\n\t\t\t<h2 class=\"elementor-heading-title elementor-size-large\"><a href=\"http:\/\/www.jagusztynkrynicki.art\/index.php\/wystepuje\/\"><br>WYST\u0118PUJ\u0118<\/a><\/h2>\t\t<\/div>\n\t\t\t\t<\/div>\n\t\t\t\t\t\t<\/div>\n\t\t\t\t\t<\/div>\n\t\t<\/div>\n\t\t\t\t\t\t\t\t<\/div>\n\t\t\t\t\t<\/div>\n\t\t<\/section>\n\t\t\t\t<section class=\"elementor-section elementor-top-section elementor-element elementor-element-5681159 elementor-section-boxed elementor-section-height-default elementor-section-height-default\" data-id=\"5681159\" data-element_type=\"section\">\n\t\t\t\t\t\t<div class=\"elementor-container elementor-column-gap-default\">\n\t\t\t\t\t\t\t<div class=\"elementor-row\">\n\t\t\t\t\t<div class=\"elementor-column elementor-col-50 elementor-top-column elementor-element elementor-element-4921a35\" data-id=\"4921a35\" data-element_type=\"column\">\n\t\t\t<div class=\"elementor-column-wrap elementor-element-populated\">\n\t\t\t\t\t\t\t<div class=\"elementor-widget-wrap\">\n\t\t\t\t\t\t<div class=\"elementor-element elementor-element-99d33d0 elementor-widget elementor-widget-image\" data-id=\"99d33d0\" data-element_type=\"widget\" data-widget_type=\"image.default\">\n\t\t\t\t<div class=\"elementor-widget-container\">\n\t\t\t\t\t\t\t\t<div class=\"elementor-image\">\n\t\t\t\t\t\t\t\t\t\t\t\t\t<a href=\"http:\/\/www.jagusztynkrynicki.art\/index.php\/nauczanie\/\">\n\t\t\t\t\t\t\t<img width=\"1024\" height=\"683\" src=\"https:\/\/www.jagusztynkrynicki.art\/wp-content\/uploads\/2020\/09\/40144026_1381077735357900_6550118124773965824_o-1024x683.jpg\" class=\"attachment-large size-large\" alt=\"\" loading=\"lazy\" srcset=\"https:\/\/www.jagusztynkrynicki.art\/wp-content\/uploads\/2020\/09\/40144026_1381077735357900_6550118124773965824_o-1024x683.jpg 1024w, https:\/\/www.jagusztynkrynicki.art\/wp-content\/uploads\/2020\/09\/40144026_1381077735357900_6550118124773965824_o-300x200.jpg 300w, https:\/\/www.jagusztynkrynicki.art\/wp-content\/uploads\/2020\/09\/40144026_1381077735357900_6550118124773965824_o-768x512.jpg 768w, https:\/\/www.jagusztynkrynicki.art\/wp-content\/uploads\/2020\/09\/40144026_1381077735357900_6550118124773965824_o-1536x1024.jpg 1536w, https:\/\/www.jagusztynkrynicki.art\/wp-content\/uploads\/2020\/09\/40144026_1381077735357900_6550118124773965824_o.jpg 1875w\" sizes=\"(max-width: 1024px) 100vw, 1024px\" \/>\t\t\t\t\t\t\t\t<\/a>\n\t\t\t\t\t\t\t\t\t\t\t\t\t\t<\/div>\n\t\t\t\t\t\t<\/div>\n\t\t\t\t<\/div>\n\t\t\t\t\t\t<\/div>\n\t\t\t\t\t<\/div>\n\t\t<\/div>\n\t\t\t\t<div class=\"elementor-column elementor-col-50 elementor-top-column elementor-element elementor-element-e2c2c46\" data-id=\"e2c2c46\" data-element_type=\"column\">\n\t\t\t<div class=\"elementor-column-wrap elementor-element-populated\">\n\t\t\t\t\t\t\t<div class=\"elementor-widget-wrap\">\n\t\t\t\t\t\t<div class=\"elementor-element elementor-element-7e9c1c0 elementor-widget elementor-widget-image\" data-id=\"7e9c1c0\" data-element_type=\"widget\" data-widget_type=\"image.default\">\n\t\t\t\t<div class=\"elementor-widget-container\">\n\t\t\t\t\t\t\t\t<div class=\"elementor-image\">\n\t\t\t\t\t\t\t\t\t<figure class=\"wp-caption\">\n\t\t\t\t\t\t\t\t\t\t\t<a href=\"http:\/\/www.jagusztynkrynicki.art\/index.php\/przygotowuje\/\">\n\t\t\t\t\t\t\t<img width=\"1024\" height=\"684\" src=\"https:\/\/www.jagusztynkrynicki.art\/wp-content\/uploads\/2020\/09\/118626024_1260391204339976_8606308200938849408_o-1024x684.jpg\" class=\"attachment-large size-large\" alt=\"\" loading=\"lazy\" srcset=\"https:\/\/www.jagusztynkrynicki.art\/wp-content\/uploads\/2020\/09\/118626024_1260391204339976_8606308200938849408_o-1024x684.jpg 1024w, https:\/\/www.jagusztynkrynicki.art\/wp-content\/uploads\/2020\/09\/118626024_1260391204339976_8606308200938849408_o-300x200.jpg 300w, https:\/\/www.jagusztynkrynicki.art\/wp-content\/uploads\/2020\/09\/118626024_1260391204339976_8606308200938849408_o-768x513.jpg 768w, https:\/\/www.jagusztynkrynicki.art\/wp-content\/uploads\/2020\/09\/118626024_1260391204339976_8606308200938849408_o-1536x1025.jpg 1536w, https:\/\/www.jagusztynkrynicki.art\/wp-content\/uploads\/2020\/09\/118626024_1260391204339976_8606308200938849408_o.jpg 1838w\" sizes=\"(max-width: 1024px) 100vw, 1024px\" \/>\t\t\t\t\t\t\t\t<\/a>\n\t\t\t\t\t\t\t\t\t\t\t<figcaption class=\"widget-image-caption wp-caption-text\"><\/figcaption>\n\t\t\t\t\t\t\t\t\t\t<\/figure>\n\t\t\t\t\t\t\t\t<\/div>\n\t\t\t\t\t\t<\/div>\n\t\t\t\t<\/div>\n\t\t\t\t\t\t<\/div>\n\t\t\t\t\t<\/div>\n\t\t<\/div>\n\t\t\t\t\t\t\t\t<\/div>\n\t\t\t\t\t<\/div>\n\t\t<\/section>\n\t\t\t\t<section class=\"elementor-section elementor-top-section elementor-element elementor-element-cc44397 elementor-section-boxed elementor-section-height-default elementor-section-height-default\" data-id=\"cc44397\" data-element_type=\"section\">\n\t\t\t\t\t\t<div class=\"elementor-container elementor-column-gap-default\">\n\t\t\t\t\t\t\t<div class=\"elementor-row\">\n\t\t\t\t\t<div class=\"elementor-column elementor-col-50 elementor-top-column elementor-element elementor-element-2877e61\" data-id=\"2877e61\" data-element_type=\"column\">\n\t\t\t<div class=\"elementor-column-wrap elementor-element-populated\">\n\t\t\t\t\t\t\t<div class=\"elementor-widget-wrap\">\n\t\t\t\t\t\t<div class=\"elementor-element elementor-element-cf1b9c5 elementor-widget elementor-widget-heading\" data-id=\"cf1b9c5\" data-element_type=\"widget\" data-widget_type=\"heading.default\">\n\t\t\t\t<div class=\"elementor-widget-container\">\n\t\t\t<h2 class=\"elementor-heading-title elementor-size-large\"><a href=\"http:\/\/www.jagusztynkrynicki.art\/index.php\/nauczanie\/\"><br>NAUCZAM<\/a><\/h2>\t\t<\/div>\n\t\t\t\t<\/div>\n\t\t\t\t\t\t<\/div>\n\t\t\t\t\t<\/div>\n\t\t<\/div>\n\t\t\t\t<div class=\"elementor-column elementor-col-50 elementor-top-column elementor-element elementor-element-740ce52\" data-id=\"740ce52\" data-element_type=\"column\">\n\t\t\t<div class=\"elementor-column-wrap elementor-element-populated\">\n\t\t\t\t\t\t\t<div class=\"elementor-widget-wrap\">\n\t\t\t\t\t\t<div class=\"elementor-element elementor-element-bba49c0 elementor-widget elementor-widget-heading\" data-id=\"bba49c0\" data-element_type=\"widget\" data-widget_type=\"heading.default\">\n\t\t\t\t<div class=\"elementor-widget-container\">\n\t\t\t<h2 class=\"elementor-heading-title elementor-size-large\"><a href=\"http:\/\/www.jagusztynkrynicki.art\/index.php\/przygotowuje\/\"><br>PRZYGOTOWUJ\u0118<br><\/a><\/h2>\t\t<\/div>\n\t\t\t\t<\/div>\n\t\t\t\t\t\t<\/div>\n\t\t\t\t\t<\/div>\n\t\t<\/div>\n\t\t\t\t\t\t\t\t<\/div>\n\t\t\t\t\t<\/div>\n\t\t<\/section>\n\t\t\t\t<section class=\"elementor-section elementor-top-section elementor-element elementor-element-62f80e5 elementor-section-boxed elementor-section-height-default elementor-section-height-default\" data-id=\"62f80e5\" data-element_type=\"section\">\n\t\t\t\t\t\t<div class=\"elementor-container elementor-column-gap-default\">\n\t\t\t\t\t\t\t<div class=\"elementor-row\">\n\t\t\t\t\t<div class=\"elementor-column elementor-col-50 elementor-top-column elementor-element elementor-element-31098d0\" data-id=\"31098d0\" data-element_type=\"column\">\n\t\t\t<div class=\"elementor-column-wrap elementor-element-populated\">\n\t\t\t\t\t\t\t<div class=\"elementor-widget-wrap\">\n\t\t\t\t\t\t<div class=\"elementor-element elementor-element-9e3f18d elementor-widget elementor-widget-image\" data-id=\"9e3f18d\" data-element_type=\"widget\" data-widget_type=\"image.default\">\n\t\t\t\t<div class=\"elementor-widget-container\">\n\t\t\t\t\t\t\t\t<div class=\"elementor-image\">\n\t\t\t\t\t\t\t\t\t\t\t\t\t<a href=\"http:\/\/www.jagusztynkrynicki.art\/index.php\/ekosomatyka-edycja-jesienna\/\">\n\t\t\t\t\t\t\t<img width=\"1024\" height=\"768\" src=\"https:\/\/www.jagusztynkrynicki.art\/wp-content\/uploads\/2024\/11\/IMG_3660-1024x768.jpeg\" class=\"attachment-large size-large\" alt=\"\" loading=\"lazy\" srcset=\"https:\/\/www.jagusztynkrynicki.art\/wp-content\/uploads\/2024\/11\/IMG_3660-1024x768.jpeg 1024w, https:\/\/www.jagusztynkrynicki.art\/wp-content\/uploads\/2024\/11\/IMG_3660-300x225.jpeg 300w, https:\/\/www.jagusztynkrynicki.art\/wp-content\/uploads\/2024\/11\/IMG_3660-768x576.jpeg 768w, https:\/\/www.jagusztynkrynicki.art\/wp-content\/uploads\/2024\/11\/IMG_3660-1536x1152.jpeg 1536w, https:\/\/www.jagusztynkrynicki.art\/wp-content\/uploads\/2024\/11\/IMG_3660-2048x1536.jpeg 2048w\" sizes=\"(max-width: 1024px) 100vw, 1024px\" \/>\t\t\t\t\t\t\t\t<\/a>\n\t\t\t\t\t\t\t\t\t\t\t\t\t\t<\/div>\n\t\t\t\t\t\t<\/div>\n\t\t\t\t<\/div>\n\t\t\t\t\t\t<\/div>\n\t\t\t\t\t<\/div>\n\t\t<\/div>\n\t\t\t\t<div class=\"elementor-column elementor-col-50 elementor-top-column elementor-element elementor-element-3dae2de\" data-id=\"3dae2de\" data-element_type=\"column\">\n\t\t\t<div class=\"elementor-column-wrap elementor-element-populated\">\n\t\t\t\t\t\t\t<div class=\"elementor-widget-wrap\">\n\t\t\t\t\t\t\t\t<\/div>\n\t\t\t\t\t<\/div>\n\t\t<\/div>\n\t\t\t\t\t\t\t\t<\/div>\n\t\t\t\t\t<\/div>\n\t\t<\/section>\n\t\t\t\t<section class=\"elementor-section elementor-top-section elementor-element elementor-element-e91e201 elementor-section-boxed elementor-section-height-default elementor-section-height-default\" data-id=\"e91e201\" data-element_type=\"section\">\n\t\t\t\t\t\t<div class=\"elementor-container elementor-column-gap-default\">\n\t\t\t\t\t\t\t<div class=\"elementor-row\">\n\t\t\t\t\t<div class=\"elementor-column elementor-col-50 elementor-top-column elementor-element elementor-element-5ba9a8c\" data-id=\"5ba9a8c\" data-element_type=\"column\">\n\t\t\t<div class=\"elementor-column-wrap elementor-element-populated\">\n\t\t\t\t\t\t\t<div class=\"elementor-widget-wrap\">\n\t\t\t\t\t\t<div class=\"elementor-element elementor-element-5da902e elementor-widget elementor-widget-heading\" data-id=\"5da902e\" data-element_type=\"widget\" data-widget_type=\"heading.default\">\n\t\t\t\t<div class=\"elementor-widget-container\">\n\t\t\t<h2 class=\"elementor-heading-title elementor-size-large\"><a href=\"http:\/\/www.jagusztynkrynicki.art\/index.php\/nauczanie\/\"><br>EKOSOMATYKA<\/a><\/h2>\t\t<\/div>\n\t\t\t\t<\/div>\n\t\t\t\t\t\t<\/div>\n\t\t\t\t\t<\/div>\n\t\t<\/div>\n\t\t\t\t<div class=\"elementor-column elementor-col-50 elementor-top-column elementor-element elementor-element-572f61a\" data-id=\"572f61a\" data-element_type=\"column\">\n\t\t\t<div class=\"elementor-column-wrap elementor-element-populated\">\n\t\t\t\t\t\t\t<div class=\"elementor-widget-wrap\">\n\t\t\t\t\t\t\t\t<\/div>\n\t\t\t\t\t<\/div>\n\t\t<\/div>\n\t\t\t\t\t\t\t\t<\/div>\n\t\t\t\t\t<\/div>\n\t\t<\/section>\n\t\t\t\t\t\t\t\t\t<\/div>\n\t\t\t<\/div>\n\t\t\t\t\t<\/div>\n\t\t","protected":false},"excerpt":{"rendered":"<p>JESTEM UCZ\u0118 SI\u0118 WYST\u0118PUJ\u0118 NAUCZAM PRZYGOTOWUJ\u0118 EKOSOMATYKA<\/p>\n","protected":false},"author":1,"featured_media":0,"parent":0,"menu_order":0,"comment_status":"closed","ping_status":"closed","template":"","meta":[],"_links":{"self":[{"href":"https:\/\/www.jagusztynkrynicki.art\/index.php\/wp-json\/wp\/v2\/pages\/7"}],"collection":[{"href":"https:\/\/www.jagusztynkrynicki.art\/index.php\/wp-json\/wp\/v2\/pages"}],"about":[{"href":"https:\/\/www.jagusztynkrynicki.art\/index.php\/wp-json\/wp\/v2\/types\/page"}],"author":[{"embeddable":true,"href":"https:\/\/www.jagusztynkrynicki.art\/index.php\/wp-json\/wp\/v2\/users\/1"}],"replies":[{"embeddable":true,"href":"https:\/\/www.jagusztynkrynicki.art\/index.php\/wp-json\/wp\/v2\/comments?post=7"}],"version-history":[{"count":69,"href":"https:\/\/www.jagusztynkrynicki.art\/index.php\/wp-json\/wp\/v2\/pages\/7\/revisions"}],"predecessor-version":[{"id":384,"href":"https:\/\/www.jagusztynkrynicki.art\/index.php\/wp-json\/wp\/v2\/pages\/7\/revisions\/384"}],"wp:attachment":[{"href":"https:\/\/www.jagusztynkrynicki.art\/index.php\/wp-json\/wp\/v2\/media?parent=7"}],"curies":[{"name":"wp","href":"https:\/\/api.w.org\/{rel}","templated":true}]}}